{"id":14809,"date":"2026-04-07T02:05:57","date_gmt":"2026-04-07T02:05:57","guid":{"rendered":"https:\/\/namedesign.shop\/?post_type=product&#038;p=14809"},"modified":"2026-04-07T02:18:11","modified_gmt":"2026-04-07T02:18:11","slug":"kinder-bueno-chocolate-con-leche-y-crema-de-avellanas-3043gkinder-bueno-white-caja-de-30-unidadesbarritas-de-chocolate","status":"publish","type":"product","link":"https:\/\/namedesign.shop\/es\/producto\/kinder-bueno-chocolate-con-leche-y-crema-de-avellanas-3043gkinder-bueno-white-caja-de-30-unidadesbarritas-de-chocolate\/","title":{"rendered":"Kinder Bueno Chocolate con leche y crema de avellanas 30*43g,Kinder Bueno White ,Caja de 30 unidades,Barritas de Chocolate"},"content":{"rendered":"<div data-elementor-type=\"product-post\" data-elementor-id=\"14809\" class=\"elementor elementor-14809\" data-elementor-post-type=\"product\">\n\t\t\t\t<div class=\"elementor-element elementor-element-1855fae9 e-grid e-con-boxed e-con e-parent\" data-id=\"1855fae9\" data-element_type=\"container\" data-settings=\"{&quot;ekit_has_onepagescroll_dot&quot;:&quot;yes&quot;}\">\n\t\t\t\t\t<div class=\"e-con-inner\">\n\t\t\t\t<div class=\"elementor-element elementor-element-50e491c5 elementor-widget elementor-widget-video\" data-id=\"50e491c5\" data-element_type=\"widget\" data-settings=\"{&quot;video_type&quot;:&quot;hosted&quot;,&quot;controls&quot;:&quot;yes&quot;,&quot;ekit_we_effect_on&quot;:&quot;none&quot;}\" data-widget_type=\"video.default\">\n\t\t\t\t<div class=\"elementor-widget-container\">\n\t\t\t\t\t\t\t<div class=\"e-hosted-video elementor-wrapper elementor-open-inline\">\n\t\t\t\t\t<video class=\"elementor-video\" src=\"https:\/\/namedesign.shop\/wp-content\/uploads\/2026\/04\/1-2.mp4\" controls=\"\" preload=\"metadata\" controlslist=\"nodownload\"><\/video>\n\t\t\t\t<\/div>\n\t\t\t\t\t\t<\/div>\n\t\t\t\t<\/div>\n\t\t\t\t<div class=\"elementor-element elementor-element-33a79753 elementor-widget elementor-widget-text-editor\" data-id=\"33a79753\" data-element_type=\"widget\" data-settings=\"{&quot;ekit_we_effect_on&quot;:&quot;none&quot;}\" data-widget_type=\"text-editor.default\">\n\t\t\t\t<div class=\"elementor-widget-container\">\n\t\t\t\t\t\t\t\t\t<div class=\"elementor-widget-container\">\n\n<div class=\"product-table\">\n<div class=\"product-row\">\n<div class=\"product-label\"><strong>Sabor<\/strong><\/div>\n<div class=\"product-value\">Chocolate blanco, chocolate negro<\/div>\n<\/div>\n<div class=\"product-row\">\n<div class=\"product-label\"><strong>Peso<\/strong><\/div>\n<div class=\"product-value\">43 g por unidad<\/div>\n<\/div>\n<div class=\"product-row\">\n<div class=\"product-label\"><strong>Tama\u00f1o<\/strong><\/div>\n<div class=\"product-value\">Tama\u00f1o est\u00e1ndar<\/div>\n<\/div>\n<div class=\"product-row\">\n<div class=\"product-label\"><strong>Cantidad<\/strong><\/div>\n<div class=\"product-value\">30 unidades<\/div>\n<\/div>\n<div class=\"product-row\">\n<div class=\"product-label\"><strong>Para qui\u00e9n<\/strong><\/div>\n<div class=\"product-value\">Ni\u00f1os y adultos amantes del chocolate<\/div>\n<\/div>\n<\/div>\n<style>\n.product-table {\nwidth: 100%;\nborder-top: 1px solid #000;\nfont-family: Arial, sans-serif;\n}\n.product-row {\ndisplay: flex;\nborder-bottom: 1px solid #000;\npadding: 12px 0;\n}\n.product-label {\nflex: 1;\nfont-weight: bold;\nmin-width: 200px;\npadding-right: 20px;\n}\n.product-value {\nflex: 1;\nmin-width: 200px;\n}\n<\/style>\n<\/div>\t\t\t\t\t\t\t\t<\/div>\n\t\t\t\t<\/div>\n\t\t\t\t\t<\/div>\n\t\t\t\t<\/div>\n\t\t<div class=\"elementor-element elementor-element-783ca73d e-flex e-con-boxed e-con e-parent\" data-id=\"783ca73d\" data-element_type=\"container\" data-settings=\"{&quot;ekit_has_onepagescroll_dot&quot;:&quot;yes&quot;}\">\n\t\t\t\t\t<div class=\"e-con-inner\">\n\t\t\t\t<div class=\"elementor-element elementor-element-20d8638d elementor-widget elementor-widget-image\" data-id=\"20d8638d\" data-element_type=\"widget\" data-settings=\"{&quot;ekit_we_effect_on&quot;:&quot;none&quot;}\" data-widget_type=\"image.default\">\n\t\t\t\t<div class=\"elementor-widget-container\">\n\t\t\t\t\t\t\t\t\t\t\t\t\t\t\t<img loading=\"lazy\" decoding=\"async\" width=\"800\" height=\"600\" src=\"https:\/\/namedesign.shop\/wp-content\/uploads\/2026\/04\/698085933e7541e5bd97fc6e991363a4_tplv-t5fjg24jzw-resize-jpeg_800_800-2.jpg\" class=\"attachment-full size-full wp-image-14823 wvs-archive-product-image\" alt=\"\" srcset=\"https:\/\/namedesign.shop\/wp-content\/uploads\/2026\/04\/698085933e7541e5bd97fc6e991363a4_tplv-t5fjg24jzw-resize-jpeg_800_800-2.jpg 800w, https:\/\/namedesign.shop\/wp-content\/uploads\/2026\/04\/698085933e7541e5bd97fc6e991363a4_tplv-t5fjg24jzw-resize-jpeg_800_800-2-300x225.jpg 300w, https:\/\/namedesign.shop\/wp-content\/uploads\/2026\/04\/698085933e7541e5bd97fc6e991363a4_tplv-t5fjg24jzw-resize-jpeg_800_800-2-768x576.jpg 768w, https:\/\/namedesign.shop\/wp-content\/uploads\/2026\/04\/698085933e7541e5bd97fc6e991363a4_tplv-t5fjg24jzw-resize-jpeg_800_800-2-16x12.jpg 16w, https:\/\/namedesign.shop\/wp-content\/uploads\/2026\/04\/698085933e7541e5bd97fc6e991363a4_tplv-t5fjg24jzw-resize-jpeg_800_800-2-600x450.jpg 600w, https:\/\/namedesign.shop\/wp-content\/uploads\/2026\/04\/698085933e7541e5bd97fc6e991363a4_tplv-t5fjg24jzw-resize-jpeg_800_800-2-1x1.jpg 1w, https:\/\/namedesign.shop\/wp-content\/uploads\/2026\/04\/698085933e7541e5bd97fc6e991363a4_tplv-t5fjg24jzw-resize-jpeg_800_800-2-10x8.jpg 10w\" sizes=\"auto, (max-width: 800px) 100vw, 800px\" \/>\t\t\t\t\t\t\t\t\t\t\t\t\t\t\t<\/div>\n\t\t\t\t<\/div>\n\t\t\t\t<div class=\"elementor-element elementor-element-5e4526c9 elementor-position-left elementor-vertical-align-middle elementor-widget elementor-widget-image-box\" data-id=\"5e4526c9\" data-element_type=\"widget\" data-settings=\"{&quot;ekit_we_effect_on&quot;:&quot;none&quot;}\" data-widget_type=\"image-box.default\">\n\t\t\t\t<div class=\"elementor-widget-container\">\n\t\t\t\t\t<div class=\"elementor-image-box-wrapper\"><figure class=\"elementor-image-box-img\"><img loading=\"lazy\" decoding=\"async\" width=\"300\" height=\"300\" src=\"https:\/\/namedesign.shop\/wp-content\/uploads\/2026\/04\/1-22.jpg\" class=\"attachment-full size-full wp-image-14824 wvs-archive-product-image\" alt=\"\" srcset=\"https:\/\/namedesign.shop\/wp-content\/uploads\/2026\/04\/1-22.jpg 300w, https:\/\/namedesign.shop\/wp-content\/uploads\/2026\/04\/1-22-150x150.jpg 150w, https:\/\/namedesign.shop\/wp-content\/uploads\/2026\/04\/1-22-12x12.jpg 12w, https:\/\/namedesign.shop\/wp-content\/uploads\/2026\/04\/1-22-100x100.jpg 100w, https:\/\/namedesign.shop\/wp-content\/uploads\/2026\/04\/1-22-50x50.jpg 50w, https:\/\/namedesign.shop\/wp-content\/uploads\/2026\/04\/1-22-1x1.jpg 1w, https:\/\/namedesign.shop\/wp-content\/uploads\/2026\/04\/1-22-10x10.jpg 10w\" sizes=\"auto, (max-width: 300px) 100vw, 300px\" \/><\/figure><div class=\"elementor-image-box-content\"><h3 class=\"elementor-image-box-title\">Treat Yourself<\/h3><p class=\"elementor-image-box-description\">Treat yourself or someone you love to a chocolate bar with a velvety, crunchy texture like no other. Each bite offers a delicate balance of smooth, flowing hazelnut filling and a crisp, light wafer, all enrobed in fine milk chocolate. It\u2019s a moment of pure indulgence, perfect for sharing\u2014or keeping all to yourself. Whether as a daily delight or a special gesture, this exquisite treat transforms any break into a luxurious escape.<\/p><\/div><\/div>\t\t\t\t<\/div>\n\t\t\t\t<\/div>\n\t\t\t\t<div class=\"elementor-element elementor-element-60ea4525 elementor-position-right elementor-vertical-align-middle elementor-widget elementor-widget-image-box\" data-id=\"60ea4525\" data-element_type=\"widget\" data-settings=\"{&quot;ekit_we_effect_on&quot;:&quot;none&quot;}\" data-widget_type=\"image-box.default\">\n\t\t\t\t<div class=\"elementor-widget-container\">\n\t\t\t\t\t<div class=\"elementor-image-box-wrapper\"><figure class=\"elementor-image-box-img\"><img loading=\"lazy\" decoding=\"async\" width=\"800\" height=\"722\" src=\"https:\/\/namedesign.shop\/wp-content\/uploads\/2026\/04\/c03baf10774d467597d7700a94044a70_tplv-t5fjg24jzw-resize-jpeg_800_800-1.jpg\" class=\"attachment-full size-full wp-image-14825 wvs-archive-product-image\" alt=\"\" srcset=\"https:\/\/namedesign.shop\/wp-content\/uploads\/2026\/04\/c03baf10774d467597d7700a94044a70_tplv-t5fjg24jzw-resize-jpeg_800_800-1.jpg 800w, https:\/\/namedesign.shop\/wp-content\/uploads\/2026\/04\/c03baf10774d467597d7700a94044a70_tplv-t5fjg24jzw-resize-jpeg_800_800-1-300x271.jpg 300w, https:\/\/namedesign.shop\/wp-content\/uploads\/2026\/04\/c03baf10774d467597d7700a94044a70_tplv-t5fjg24jzw-resize-jpeg_800_800-1-768x693.jpg 768w, https:\/\/namedesign.shop\/wp-content\/uploads\/2026\/04\/c03baf10774d467597d7700a94044a70_tplv-t5fjg24jzw-resize-jpeg_800_800-1-13x12.jpg 13w, https:\/\/namedesign.shop\/wp-content\/uploads\/2026\/04\/c03baf10774d467597d7700a94044a70_tplv-t5fjg24jzw-resize-jpeg_800_800-1-600x542.jpg 600w, https:\/\/namedesign.shop\/wp-content\/uploads\/2026\/04\/c03baf10774d467597d7700a94044a70_tplv-t5fjg24jzw-resize-jpeg_800_800-1-1x1.jpg 1w, https:\/\/namedesign.shop\/wp-content\/uploads\/2026\/04\/c03baf10774d467597d7700a94044a70_tplv-t5fjg24jzw-resize-jpeg_800_800-1-10x10.jpg 10w\" sizes=\"auto, (max-width: 800px) 100vw, 800px\" \/><\/figure><div class=\"elementor-image-box-content\"><h3 class=\"elementor-image-box-title\">Share with Friends<\/h3><p class=\"elementor-image-box-description\">Share Kinder Bueno bars during a road trip adventure, a fun hangout with friends, or any occasion that calls for a delicious treat. Make every moment more memorable by bringing along the irresistible combination of crispy wafer and smooth hazelnut cream. It's the ultimate sharing snack for life's best moments\u2014big or small.<\/p><\/div><\/div>\t\t\t\t<\/div>\n\t\t\t\t<\/div>\n\t\t\t\t<div class=\"elementor-element elementor-element-48d7edac elementor-position-left elementor-vertical-align-middle elementor-widget elementor-widget-image-box\" data-id=\"48d7edac\" data-element_type=\"widget\" data-settings=\"{&quot;ekit_we_effect_on&quot;:&quot;none&quot;}\" data-widget_type=\"image-box.default\">\n\t\t\t\t<div class=\"elementor-widget-container\">\n\t\t\t\t\t<div class=\"elementor-image-box-wrapper\"><figure class=\"elementor-image-box-img\"><img loading=\"lazy\" decoding=\"async\" width=\"300\" height=\"300\" src=\"https:\/\/namedesign.shop\/wp-content\/uploads\/2026\/04\/3-16.jpg\" class=\"attachment-full size-full wp-image-14826 wvs-archive-product-image\" alt=\"\" srcset=\"https:\/\/namedesign.shop\/wp-content\/uploads\/2026\/04\/3-16.jpg 300w, https:\/\/namedesign.shop\/wp-content\/uploads\/2026\/04\/3-16-150x150.jpg 150w, https:\/\/namedesign.shop\/wp-content\/uploads\/2026\/04\/3-16-12x12.jpg 12w, https:\/\/namedesign.shop\/wp-content\/uploads\/2026\/04\/3-16-100x100.jpg 100w, https:\/\/namedesign.shop\/wp-content\/uploads\/2026\/04\/3-16-50x50.jpg 50w, https:\/\/namedesign.shop\/wp-content\/uploads\/2026\/04\/3-16-1x1.jpg 1w, https:\/\/namedesign.shop\/wp-content\/uploads\/2026\/04\/3-16-10x10.jpg 10w\" sizes=\"auto, (max-width: 300px) 100vw, 300px\" \/><\/figure><div class=\"elementor-image-box-content\"><h3 class=\"elementor-image-box-title\">Enjoy On-The-Go<\/h3><p class=\"elementor-image-box-description\">Grab a bar and enjoy the taste of crispy chocolate and rich hazelnut cream on-the-go or during your coffee break. Feel the satisfying snap as you bite into the light, layered wafer, releasing the smooth hazelnut center that melts perfectly on your tongue. It\u2019s the ideal companion for your busy moments\u2014whether you\u2019re rushing between meetings, taking a quiet pause with your espresso, or simply needing a little pick-me-up in the afternoon.<\/p><\/div><\/div>\t\t\t\t<\/div>\n\t\t\t\t<\/div>\n\t\t\t\t\t<\/div>\n\t\t\t\t<\/div>\n\t\t<div class=\"elementor-element elementor-element-38253b45 e-flex e-con-boxed e-con e-parent\" data-id=\"38253b45\" data-element_type=\"container\" data-settings=\"{&quot;ekit_has_onepagescroll_dot&quot;:&quot;yes&quot;}\">\n\t\t\t\t\t<div class=\"e-con-inner\">\n\t\t\t\t<div class=\"elementor-element elementor-element-6d436379 elementor-widget elementor-widget-image\" data-id=\"6d436379\" data-element_type=\"widget\" data-settings=\"{&quot;ekit_we_effect_on&quot;:&quot;none&quot;}\" data-widget_type=\"image.default\">\n\t\t\t\t<div class=\"elementor-widget-container\">\n\t\t\t\t\t\t\t\t\t\t\t\t\t\t\t<img loading=\"lazy\" decoding=\"async\" width=\"970\" height=\"600\" src=\"https:\/\/namedesign.shop\/wp-content\/uploads\/2026\/04\/4-15.jpg\" class=\"attachment-full size-full wp-image-14827 wvs-archive-product-image\" alt=\"\" srcset=\"https:\/\/namedesign.shop\/wp-content\/uploads\/2026\/04\/4-15.jpg 970w, https:\/\/namedesign.shop\/wp-content\/uploads\/2026\/04\/4-15-300x186.jpg 300w, https:\/\/namedesign.shop\/wp-content\/uploads\/2026\/04\/4-15-768x475.jpg 768w, https:\/\/namedesign.shop\/wp-content\/uploads\/2026\/04\/4-15-18x12.jpg 18w, https:\/\/namedesign.shop\/wp-content\/uploads\/2026\/04\/4-15-600x371.jpg 600w, https:\/\/namedesign.shop\/wp-content\/uploads\/2026\/04\/4-15-1x1.jpg 1w, https:\/\/namedesign.shop\/wp-content\/uploads\/2026\/04\/4-15-10x6.jpg 10w\" sizes=\"auto, (max-width: 970px) 100vw, 970px\" \/>\t\t\t\t\t\t\t\t\t\t\t\t\t\t\t<\/div>\n\t\t\t\t<\/div>\n\t\t\t\t\t<\/div>\n\t\t\t\t<\/div>\n\t\t\t\t<\/div>","protected":false},"excerpt":{"rendered":"<p>https:\/\/namedesign.shop\/wp-content\/uploads\/2026\/04\/1-2.mp4 Sabor Chocolate blanco, chocolate negro Peso 43 g por unidad Tama\u00f1o Tama\u00f1o est\u00e1ndar Cantidad 30 unidades Para qui\u00e9n Ni\u00f1os&#8230;<\/p>","protected":false},"featured_media":14812,"comment_status":"open","ping_status":"closed","template":"","meta":{"_acf_changed":false},"etheme_brands":[],"product_brand":[],"product_cat":[118],"product_tag":[],"class_list":{"0":"post-14809","1":"product","2":"type-product","3":"status-publish","4":"has-post-thumbnail","6":"product_cat-sale-shop","8":"first","9":"instock","10":"sale","11":"shipping-taxable","12":"purchasable","13":"product-type-variable","14":"has-default-attributes","15":"wvs-archive-product-wrapper"},"acf":[],"_links":{"self":[{"href":"https:\/\/namedesign.shop\/es\/wp-json\/wp\/v2\/product\/14809","targetHints":{"allow":["GET"]}}],"collection":[{"href":"https:\/\/namedesign.shop\/es\/wp-json\/wp\/v2\/product"}],"about":[{"href":"https:\/\/namedesign.shop\/es\/wp-json\/wp\/v2\/types\/product"}],"replies":[{"embeddable":true,"href":"https:\/\/namedesign.shop\/es\/wp-json\/wp\/v2\/comments?post=14809"}],"version-history":[{"count":4,"href":"https:\/\/namedesign.shop\/es\/wp-json\/wp\/v2\/product\/14809\/revisions"}],"predecessor-version":[{"id":14835,"href":"https:\/\/namedesign.shop\/es\/wp-json\/wp\/v2\/product\/14809\/revisions\/14835"}],"wp:featuredmedia":[{"embeddable":true,"href":"https:\/\/namedesign.shop\/es\/wp-json\/wp\/v2\/media\/14812"}],"wp:attachment":[{"href":"https:\/\/namedesign.shop\/es\/wp-json\/wp\/v2\/media?parent=14809"}],"wp:term":[{"taxonomy":"brand","embeddable":true,"href":"https:\/\/namedesign.shop\/es\/wp-json\/wp\/v2\/etheme_brands?post=14809"},{"taxonomy":"product_brand","embeddable":true,"href":"https:\/\/namedesign.shop\/es\/wp-json\/wp\/v2\/product_brand?post=14809"},{"taxonomy":"product_cat","embeddable":true,"href":"https:\/\/namedesign.shop\/es\/wp-json\/wp\/v2\/product_cat?post=14809"},{"taxonomy":"product_tag","embeddable":true,"href":"https:\/\/namedesign.shop\/es\/wp-json\/wp\/v2\/product_tag?post=14809"}],"curies":[{"name":"wp","href":"https:\/\/api.w.org\/{rel}","templated":true}]}}